{"id":28,"date":"2018-09-07T15:37:35","date_gmt":"2018-09-07T15:37:35","guid":{"rendered":"http:\/\/jorissen-law.be\/en\/?page_id=28"},"modified":"2021-03-04T12:37:49","modified_gmt":"2021-03-04T10:37:49","slug":"legalnotices","status":"publish","type":"page","link":"https:\/\/jorissen-law.be\/fr\/legalnotices\/","title":{"rendered":"Mentions l\u00e9gales"},"content":{"rendered":"<p>Ilian GUEORGUIEV (Jorissen Law)<\/p>\n<p>Si\u00e8ge social: 1050 Bruxelles, Rue de Stassart 117\/2 (Belgique)<\/p>\n<p>Num\u00e9ro d&rsquo;entreprise 0637.735.606<\/p>\n<p>RPM &#8211; Bruxelles<\/p>\n<p>TVA: BE 0637.735.606<\/p>\n<p>Compte d&rsquo;honoraires: BE64 6300 2514 1752<\/p>\n<p>BIC: BBRUBEBB<\/p>\n<p>Conditions g\u00e9n\u00e9rales d&rsquo;intervention: cliquez <a href=\"http:\/\/jorissen-law.be\/wp-content\/uploads\/2021\/03\/Conditions-dintervention-Jorissen-Law.pdf\">ici<\/a><\/p>\n<p>L&rsquo;ensemble du contenu (texte, images, graphisme) de ce site web fait l&rsquo;objet d&rsquo;un droit d&rsquo;auteur. Il est strictement interdit d&rsquo;utiliser ou de reproduire tout ou partie de ce contenu sans l&rsquo;accord expr\u00e8s pr\u00e9alable par \u00e9crit de Jorissen Law. Toute violation du droit d&rsquo;auteur de Jorissen Law donnera automatiquement lieu \u00e0 une amende de 5.000,- euros sans pr\u00e9judice du droit \u00e0 une indemnit\u00e9 compl\u00e9mentaire compensatoire des dommages caus\u00e9s.<\/p>\n","protected":false},"excerpt":{"rendered":"<p>Ilian GUEORGUIEV (Jorissen Law) Si\u00e8ge social: 1050 Bruxelles, Rue de Stassart 117\/2 (Belgique) Num\u00e9ro d&rsquo;entreprise 0637.735.606 RPM &#8211; Bruxelles TVA: BE 0637.735.606 Compte d&rsquo;honoraires: BE64 6300 2514 1752 BIC: BBRUBEBB Conditions g\u00e9n\u00e9rales d&rsquo;intervention: cliquez ici L&rsquo;ensemble du contenu (texte, images, graphisme) de ce site web fait l&rsquo;objet d&rsquo;un droit d&rsquo;auteur. Il est strictement interdit d&rsquo;utiliser [&hellip;]<\/p>\n","protected":false},"author":1,"featured_media":44,"parent":0,"menu_order":0,"comment_status":"closed","ping_status":"closed","template":"","meta":[],"_links":{"self":[{"href":"https:\/\/jorissen-law.be\/fr\/wp-json\/wp\/v2\/pages\/28"}],"collection":[{"href":"https:\/\/jorissen-law.be\/fr\/wp-json\/wp\/v2\/pages"}],"about":[{"href":"https:\/\/jorissen-law.be\/fr\/wp-json\/wp\/v2\/types\/page"}],"author":[{"embeddable":true,"href":"https:\/\/jorissen-law.be\/fr\/wp-json\/wp\/v2\/users\/1"}],"replies":[{"embeddable":true,"href":"https:\/\/jorissen-law.be\/fr\/wp-json\/wp\/v2\/comments?post=28"}],"version-history":[{"count":11,"href":"https:\/\/jorissen-law.be\/fr\/wp-json\/wp\/v2\/pages\/28\/revisions"}],"predecessor-version":[{"id":225,"href":"https:\/\/jorissen-law.be\/fr\/wp-json\/wp\/v2\/pages\/28\/revisions\/225"}],"wp:featuredmedia":[{"embeddable":true,"href":"https:\/\/jorissen-law.be\/fr\/wp-json\/wp\/v2\/media\/44"}],"wp:attachment":[{"href":"https:\/\/jorissen-law.be\/fr\/wp-json\/wp\/v2\/media?parent=28"}],"curies":[{"name":"wp","href":"https:\/\/api.w.org\/{rel}","templated":true}]}}