{"id":26,"date":"2018-09-07T15:37:08","date_gmt":"2018-09-07T15:37:08","guid":{"rendered":"http:\/\/jorissen-law.be\/en\/?page_id=26"},"modified":"2018-09-24T16:16:40","modified_gmt":"2018-09-24T14:16:40","slug":"join-us","status":"publish","type":"page","link":"https:\/\/jorissen-law.be\/fr\/join-us\/","title":{"rendered":"Rejoignez-nous"},"content":{"rendered":"<p>Etant une \u00e9quipe en constate croissance, nous rechercherons toujours de nouveaux talents souhaitant nous rejoindre.<\/p>\n<p>Si vous \u00eates qualifi\u00e9(e) dans nos domaines de sp\u00e9cialisation, que vous repr\u00e9sentiez un cabinet d\u2019avocats souhaitant \u00e9tendre son activit\u00e9 en rejoignant un r\u00e9seau international r\u00e9put\u00e9 d\u2019avocats, ou un avocat inscrit au tableau souhaitant collaborer avec nous, nous recevrons avec plaisir votre candidature \u00e0 l\u2019adresse <a href=\"mailto:info@jorissen-law.be\">info@jorissen-law.be<\/a>.<\/p>\n","protected":false},"excerpt":{"rendered":"<p>Etant une \u00e9quipe en constate croissance, nous rechercherons toujours de nouveaux talents souhaitant nous rejoindre. Si vous \u00eates qualifi\u00e9(e) dans nos domaines de sp\u00e9cialisation, que vous repr\u00e9sentiez un cabinet d\u2019avocats souhaitant \u00e9tendre son activit\u00e9 en rejoignant un r\u00e9seau international r\u00e9put\u00e9 d\u2019avocats, ou un avocat inscrit au tableau souhaitant collaborer avec nous, nous recevrons avec plaisir [&hellip;]<\/p>\n","protected":false},"author":1,"featured_media":22,"parent":0,"menu_order":0,"comment_status":"closed","ping_status":"closed","template":"","meta":[],"_links":{"self":[{"href":"https:\/\/jorissen-law.be\/fr\/wp-json\/wp\/v2\/pages\/26"}],"collection":[{"href":"https:\/\/jorissen-law.be\/fr\/wp-json\/wp\/v2\/pages"}],"about":[{"href":"https:\/\/jorissen-law.be\/fr\/wp-json\/wp\/v2\/types\/page"}],"author":[{"embeddable":true,"href":"https:\/\/jorissen-law.be\/fr\/wp-json\/wp\/v2\/users\/1"}],"replies":[{"embeddable":true,"href":"https:\/\/jorissen-law.be\/fr\/wp-json\/wp\/v2\/comments?post=26"}],"version-history":[{"count":3,"href":"https:\/\/jorissen-law.be\/fr\/wp-json\/wp\/v2\/pages\/26\/revisions"}],"predecessor-version":[{"id":165,"href":"https:\/\/jorissen-law.be\/fr\/wp-json\/wp\/v2\/pages\/26\/revisions\/165"}],"wp:featuredmedia":[{"embeddable":true,"href":"https:\/\/jorissen-law.be\/fr\/wp-json\/wp\/v2\/media\/22"}],"wp:attachment":[{"href":"https:\/\/jorissen-law.be\/fr\/wp-json\/wp\/v2\/media?parent=26"}],"curies":[{"name":"wp","href":"https:\/\/api.w.org\/{rel}","templated":true}]}}