{"id":15,"date":"2018-09-07T15:34:49","date_gmt":"2018-09-07T15:34:49","guid":{"rendered":"http:\/\/jorissen-law.be\/en\/?page_id=15"},"modified":"2021-03-02T13:32:02","modified_gmt":"2021-03-02T11:32:02","slug":"about-us","status":"publish","type":"page","link":"https:\/\/jorissen-law.be\/fr\/about-us\/","title":{"rendered":"A Propos de Nous"},"content":{"rendered":"<section class=\"fw-main-row \"  >\n  <div class=\"fw-container \"><div class=\"fw-row\">\n\t\n<div class=\"fw-col-xs-12 fw-col-sm-4 \">\n  <div class=\"fw-main-row\">\n    <div class=\"fw-col-inner\">\n\t\t\t<figure class=\"single-image\"><img src=\"\/\/jorissen-law.be\/wp-content\/uploads\/2018\/09\/me.jpg\" alt=\"\/\/jorissen-law.be\/wp-content\/uploads\/2018\/09\/me.jpg\" \/><\/figure>    <\/div>\n  <\/div>\n<\/div>\n\n<div class=\"fw-col-xs-12 fw-col-sm-8 \">\n  <div class=\"fw-main-row\">\n    <div class=\"fw-col-inner\">\n\t\t\t<div class=\"text-block \">\n\t<p>Jorissen Law, le cabinet de Me Ilian GUEORGUIEV, avocat au barreau de Bruxelles, dispose \u00e9galement d\u2019un r\u00e9seau international d\u2019avocats issus de divers pays de l\u2019Union europ\u00e9enne, permettant de fournir un service optimal \u00e0 sa client\u00e8le dans le cadre de dossiers et litiges transfrontaliers.<\/p><p>La satisfaction de nos clients est notre objectif principal. Pour cette raison, nous concentrons notre pratique exclusivement sur les mati\u00e8res d\u00e9crites sous\u00a0<a href=\"https:\/\/jorissen-law.be\/fr\/services\/\">cette page<\/a>.<\/p><p>Me Ilian GUEORGUIEV, fondateur de Jorissen Law, est \u00e9galement associ\u00e9 dans l\u2019association d\u2019avocats Euralex Group, dont les bureaux sont sis \u00e0 Bruxelles et \u00e0 Amsterdam.<\/p><p>Il est titulaire d\u2019un Master en droit de la Katholieke Universiteit Leuven ainsi que d\u2019un Master en droit social de l\u2019Universit\u00e9 Libre de Bruxelles avec grande distinction.<\/p><p>Sa pratique est ax\u00e9e sur les domaines du droit de l\u2019entreprise (commercial, soci\u00e9t\u00e9s, relations de travail), du droit des contrats ainsi que du droit des assurances et de la responsabilit\u00e9, fournissant ainsi un service complet de qualit\u00e9 aux soci\u00e9t\u00e9s et entrepreneurs belges et \u00e9trangers.<\/p><p>Me Ilian GUEORGUIEV travaille en Fran\u00e7ais, N\u00e9erlandais, Anglais et Bulgare.<\/p><\/div>\n<div class=\"button \">\n  <a href=\"\/fr\/contact-us\/\" target=\"_self\"\n     class=\"btn btn-primary\">\n\t\tContactez-nous  <\/a>\n<\/div>    <\/div>\n  <\/div>\n<\/div>\n<\/div>\n\n<\/div>\n<\/section>\n\n","protected":false},"excerpt":{"rendered":"<p>Jorissen Law, le cabinet de Me Ilian GUEORGUIEV, avocat au barreau de Bruxelles, dispose \u00e9galement d\u2019un r\u00e9seau international d\u2019avocats issus de divers pays de l\u2019Union europ\u00e9enne, permettant de fournir un service optimal \u00e0 sa client\u00e8le dans le cadre de dossiers et litiges transfrontaliers.La satisfaction de nos clients est notre objectif principal. Pour cette raison, nous [&hellip;]<\/p>\n","protected":false},"author":1,"featured_media":44,"parent":0,"menu_order":0,"comment_status":"closed","ping_status":"closed","template":"","meta":[],"_links":{"self":[{"href":"https:\/\/jorissen-law.be\/fr\/wp-json\/wp\/v2\/pages\/15"}],"collection":[{"href":"https:\/\/jorissen-law.be\/fr\/wp-json\/wp\/v2\/pages"}],"about":[{"href":"https:\/\/jorissen-law.be\/fr\/wp-json\/wp\/v2\/types\/page"}],"author":[{"embeddable":true,"href":"https:\/\/jorissen-law.be\/fr\/wp-json\/wp\/v2\/users\/1"}],"replies":[{"embeddable":true,"href":"https:\/\/jorissen-law.be\/fr\/wp-json\/wp\/v2\/comments?post=15"}],"version-history":[{"count":19,"href":"https:\/\/jorissen-law.be\/fr\/wp-json\/wp\/v2\/pages\/15\/revisions"}],"predecessor-version":[{"id":223,"href":"https:\/\/jorissen-law.be\/fr\/wp-json\/wp\/v2\/pages\/15\/revisions\/223"}],"wp:featuredmedia":[{"embeddable":true,"href":"https:\/\/jorissen-law.be\/fr\/wp-json\/wp\/v2\/media\/44"}],"wp:attachment":[{"href":"https:\/\/jorissen-law.be\/fr\/wp-json\/wp\/v2\/media?parent=15"}],"curies":[{"name":"wp","href":"https:\/\/api.w.org\/{rel}","templated":true}]}}