{"id":10,"date":"2018-09-07T15:31:17","date_gmt":"2018-09-07T15:31:17","guid":{"rendered":"http:\/\/jorissen-law.be\/en\/?page_id=10"},"modified":"2020-11-13T16:38:43","modified_gmt":"2020-11-13T14:38:43","slug":"services","status":"publish","type":"page","link":"https:\/\/jorissen-law.be\/fr\/services\/","title":{"rendered":"Mati\u00e8res pratiqu\u00e9es"},"content":{"rendered":"<p><section class=\"fw-main-row \"  >\n  <div class=\"fw-container \"><div class=\"fw-row\">\n\t\n<div class=\"fw-col-xs-12 \">\n  <div class=\"fw-main-row\">\n    <div class=\"fw-col-inner\">\n\t\t\t<div class=\"text-block \">\n\t<p>Jorissen Law assiste <strong>les entrepreneurs et les soci\u00e9t\u00e9s<\/strong>\u00a0dans tous les aspects de leur activit\u00e9, de la cr\u00e9ation \u00e0 la fermeture de l\u2019entreprise.<\/p><p>Nous assistons \u00e9galement <strong>les particuliers<\/strong> dans des mati\u00e8res sp\u00e9cifiques telles la planification successorale, le droit de la responsabilit\u00e9 civile et le droit de la circulation.<\/p><p>Notre sp\u00e9cialisation est la pierre angulaire de la performance des services juridiques fournis \u00e0 nos clients. D\u00e9couvrez <strong>nos mati\u00e8res pratiqu\u00e9es<\/strong> sous cette page.<\/p><\/div>    <\/div>\n  <\/div>\n<\/div>\n<\/div>\n\n<\/div>\n<\/section>\n<section class=\"fw-main-row \"  >\n  <div class=\"fw-container \"><div class=\"fw-row\">\n\t\n<div class=\"fw-col-xs-12 \">\n  <div class=\"fw-main-row\">\n    <div class=\"fw-col-inner\">\n\t\t\t\n<div id=\"accordion\" class=\"accordion wow fadeOut\" data-wow-delay=\"400ms\">\n  <div class=\"row \" id=\"accordion-69eb2f0348920\">\n\t\t        <div class=\"col-md-6\">\n        <div class=\"card\">\n          <div class=\"card-header\">\n            <h5 class=\"mb-0\">\n              <button class=\"btn btn-link\" type=\"button\" data-toggle=\"collapse\" data-target=\"#acc-tab-accordion-69eb2f0348920-1\" aria-expanded=\"true\" aria-controls=\"collapseOne\">\n\t              Droit commercial et droit des contrats              <\/button>\n          <\/div>\n          <div id=\"acc-tab-accordion-69eb2f0348920-1\" class=\"collapse\" aria-labelledby=\"accordion-69eb2f0348920\" data-parent=\"#accordion-69eb2f0348920\">\n            <div class=\"card-body\">\n              <p>Nous sommes convaincus que la cl\u00e9 du succ\u00e8s de nos clients r\u00e9side dans la pr\u00e9vention des conflits dans leurs relations commerciales et contractuelles. Nous conseillons d\u00e8s lors nos clients de sorte \u00e0 \u00e9viter des litiges inutiles lorsque cela est possible.\r\n<br \/><br \/>\r\nSi la voie proc\u00e9durale s\u2019av\u00e8re in\u00e9vitable, nous veillons \u00e0 une r\u00e9solution rapide \u00e0 l'avantage de nos clients, en les tenant constamment inform\u00e9s de l'\u00e9volution de leur dossier. Gr\u00e2ce \u00e0 notre exp\u00e9rience et savoir, nous sommes en mesure de conseiller nos clients dans les probl\u00e9matiques complexes qui vont de pair avec les transactions sophistiqu\u00e9es \u00e0 grande \u00e9chelle.<\/p>\n\n              <a href=\"https:\/\/jorissen-law.be\/fr\/contact-us\/\" title=\"\" class=\"btn btn-primary\">Contactez-nous<\/a>\n            <\/div>\n          <\/div>\n        <\/div>\n        <\/div>\n\t\t\t        <div class=\"col-md-6\">\n        <div class=\"card\">\n          <div class=\"card-header\">\n            <h5 class=\"mb-0\">\n              <button class=\"btn btn-link\" type=\"button\" data-toggle=\"collapse\" data-target=\"#acc-tab-accordion-69eb2f0348920-2\" aria-expanded=\"true\" aria-controls=\"collapseOne\">\n\t              Droit des soci\u00e9t\u00e9s              <\/button>\n          <\/div>\n          <div id=\"acc-tab-accordion-69eb2f0348920-2\" class=\"collapse\" aria-labelledby=\"accordion-69eb2f0348920\" data-parent=\"#accordion-69eb2f0348920\">\n            <div class=\"card-body\">\n              <p>Nous sommes bien conscients de la vie complexe dans les coulisses des soci\u00e9t\u00e9s qui r\u00e9ussissent. Nous accompagnons ainsi leurs dirigeants et associ\u00e9s de fa\u00e7on pratique et efficace dans les divers aspects juridiques, en ce compris la cr\u00e9ation de soci\u00e9t\u00e9s, leur restructuration, les possibilit\u00e9s d\u2019extension et de migration ainsi que la r\u00e9solution de conflits internes, mais aussi la d\u00e9fense en droit p\u00e9nal des affaires. \r\n<br\/><br\/>\r\nNotre exp\u00e9rience et nos qualifications fournissent les ressources n\u00e9cessaires pour garantir un d\u00e9roulement serein et r\u00e9ussi des affaires de nos clients soci\u00e9t\u00e9s.<\/p>\n\n              <a href=\"https:\/\/jorissen-law.be\/fr\/contact-us\/\" title=\"\" class=\"btn btn-primary\">Contactez-nous<\/a>\n            <\/div>\n          <\/div>\n        <\/div>\n        <\/div>\n\t\t\t        <div class=\"col-md-6\">\n        <div class=\"card\">\n          <div class=\"card-header\">\n            <h5 class=\"mb-0\">\n              <button class=\"btn btn-link\" type=\"button\" data-toggle=\"collapse\" data-target=\"#acc-tab-accordion-69eb2f0348920-3\" aria-expanded=\"true\" aria-controls=\"collapseOne\">\n\t              Migration internationale de soci\u00e9t\u00e9s              <\/button>\n          <\/div>\n          <div id=\"acc-tab-accordion-69eb2f0348920-3\" class=\"collapse\" aria-labelledby=\"accordion-69eb2f0348920\" data-parent=\"#accordion-69eb2f0348920\">\n            <div class=\"card-body\">\n              <p>Pour nous, il est \u00e9vident qu\u2019un monde de plus en plus ouvert apporte des opportunit\u00e9s de d\u00e9localisation int\u00e9ressantes pour nos clients, notamment en termes de co\u00fbt du travail ainsi que d\u2019imposition et avantages fiscaux. Nous conseillons bien entendu nos clients pour leur pr\u00e9senter les meilleurs moyens d\u2019augmenter leur comp\u00e9titivit\u00e9 au travers de la migration internationale de leur entreprise en fonction de leurs besoins sp\u00e9cifiques.<\/p>\n\n              <a href=\"https:\/\/jorissen-law.be\/fr\/contact-us\/\" title=\"\" class=\"btn btn-primary\">Contactez-nous<\/a>\n            <\/div>\n          <\/div>\n        <\/div>\n        <\/div>\n\t\t\t        <div class=\"col-md-6\">\n        <div class=\"card\">\n          <div class=\"card-header\">\n            <h5 class=\"mb-0\">\n              <button class=\"btn btn-link\" type=\"button\" data-toggle=\"collapse\" data-target=\"#acc-tab-accordion-69eb2f0348920-4\" aria-expanded=\"true\" aria-controls=\"collapseOne\">\n\t              Droit de la construction et droit immobilier              <\/button>\n          <\/div>\n          <div id=\"acc-tab-accordion-69eb2f0348920-4\" class=\"collapse\" aria-labelledby=\"accordion-69eb2f0348920\" data-parent=\"#accordion-69eb2f0348920\">\n            <div class=\"card-body\">\n              <p>Nous comprenons l\u2019importance et les besoins du secteur de la construction et de l'immobilier en g\u00e9n\u00e9ral. Nous pr\u00e9parons et n\u00e9gocions pour nos clients les contrats de construction typiques pour le secteur.\r\n<br \/><br \/>\r\nDans les proc\u00e9dures, nous repr\u00e9sentons nos clients devant les juridictions de tout niveau, mais aussi dans toutes sortes d\u2019arbitrage. Nous conseillons \u00e9galement nos clients dans d\u2019autres formes de modes alternatifs de r\u00e9solution des conflits, ainsi que dans la gestion de r\u00e9clamations survenant pendant l\u2019ex\u00e9cution d\u2019un projet d\u00e9termin\u00e9.\r\n<br \/><br \/>\r\nNotre vaste exp\u00e9rience en dossiers de construction et immobilier nous permet de fournir \u00e0 nos clients un service impeccable.<\/p>\n\n              <a href=\"https:\/\/jorissen-law.be\/fr\/contact-us\/\" title=\"\" class=\"btn btn-primary\">Contactez-nous<\/a>\n            <\/div>\n          <\/div>\n        <\/div>\n        <\/div>\n\t\t\t        <div class=\"col-md-6\">\n        <div class=\"card\">\n          <div class=\"card-header\">\n            <h5 class=\"mb-0\">\n              <button class=\"btn btn-link\" type=\"button\" data-toggle=\"collapse\" data-target=\"#acc-tab-accordion-69eb2f0348920-5\" aria-expanded=\"true\" aria-controls=\"collapseOne\">\n\t              Droit des transports              <\/button>\n          <\/div>\n          <div id=\"acc-tab-accordion-69eb2f0348920-5\" class=\"collapse\" aria-labelledby=\"accordion-69eb2f0348920\" data-parent=\"#accordion-69eb2f0348920\">\n            <div class=\"card-body\">\n              <p>Nous attachons une attention particuli\u00e8re au secteur du transport dans toutes ses formes : \r\n<br\/><br\/>\r\n- transport de passagers ou transport de marchandises ; <br\/><br\/>\r\n- transport routier, maritime ou a\u00e9rien ; <br\/><br\/>\r\n- infrastructure de transport et machines de transport. \r\n<br\/><br\/>\r\nNous conseillons nos clients dans l\u2019acquisition, l\u2019op\u00e9ration, la vente et la taxation de l\u2019infrastructure et l\u2019activit\u00e9 de transport.<\/p>\n\n              <a href=\"https:\/\/jorissen-law.be\/fr\/contact-us\/\" title=\"\" class=\"btn btn-primary\">Contactez-nous<\/a>\n            <\/div>\n          <\/div>\n        <\/div>\n        <\/div>\n\t\t\t        <div class=\"col-md-6\">\n        <div class=\"card\">\n          <div class=\"card-header\">\n            <h5 class=\"mb-0\">\n              <button class=\"btn btn-link\" type=\"button\" data-toggle=\"collapse\" data-target=\"#acc-tab-accordion-69eb2f0348920-6\" aria-expanded=\"true\" aria-controls=\"collapseOne\">\n\t              Droit de la responsabilit\u00e9, assurances et circulation routi\u00e8re              <\/button>\n          <\/div>\n          <div id=\"acc-tab-accordion-69eb2f0348920-6\" class=\"collapse\" aria-labelledby=\"accordion-69eb2f0348920\" data-parent=\"#accordion-69eb2f0348920\">\n            <div class=\"card-body\">\n              <p>Tant en droit des assurances qu'en droit de la responsabilit\u00e9 civile, nous assistons des compagnies d'assurances - en ce compris dans le cadre d'une direction du litige d'un assur\u00e9, des soci\u00e9t\u00e9s et des professionnels, mais \u00e9galement des particuliers.\r\n<br\/><br\/>\r\nEn mati\u00e8re de responsabilit\u00e9, nous traitons des dossiers de responsabilit\u00e9 professionnelle, de responsabilit\u00e9 du fait des choses ou des produits, ainsi que de responsabilit\u00e9 civile du fait personnel, en ce compris dans le cadre d'une infraction routi\u00e8re. Ceci, tant pour les clients dont la responsabilit\u00e9 est engag\u00e9e que pour les clients qui cherchent un d\u00e9dommagement. \r\n<br\/><br\/>\r\nNous nous tenons aux c\u00f4t\u00e9s de nos clients pour d\u00e9fendre leurs int\u00e9r\u00eats de la fa\u00e7on la plus optimale, en ce compris par des solutions transactionnelles raisonnables lorsque cela est n\u00e9cessaire et possible.<\/p>\n\n              <a href=\"https:\/\/jorissen-law.be\/fr\/contact-us\/\" title=\"\" class=\"btn btn-primary\">Contactez-nous<\/a>\n            <\/div>\n          <\/div>\n        <\/div>\n        <\/div>\n\t\t\t        <div class=\"col-md-6\">\n        <div class=\"card\">\n          <div class=\"card-header\">\n            <h5 class=\"mb-0\">\n              <button class=\"btn btn-link\" type=\"button\" data-toggle=\"collapse\" data-target=\"#acc-tab-accordion-69eb2f0348920-7\" aria-expanded=\"true\" aria-controls=\"collapseOne\">\n\t              Droit du travail et de la s\u00e9curit\u00e9 sociale              <\/button>\n          <\/div>\n          <div id=\"acc-tab-accordion-69eb2f0348920-7\" class=\"collapse\" aria-labelledby=\"accordion-69eb2f0348920\" data-parent=\"#accordion-69eb2f0348920\">\n            <div class=\"card-body\">\n              <p>Employer du personnel est li\u00e9 \u00e0 une r\u00e9glementation complexe et en constante \u00e9volution. Chez Jorissen Law, nous conseillons naturellement nos clients dans tout le spectre du droit du travail, en ce compris dans les transactions et les mati\u00e8res non contentieuses. Cela inclut le conseil dans le domaine de la r\u00e9mun\u00e9ration des cadres, l\u2019emploi, les avantages sociaux, les relations de travail, les proc\u00e9dures devant les juridictions du travail, la restructuration d\u2019entreprise, les pensions et l\u2019immigration.<\/p>\n\n              <a href=\"https:\/\/jorissen-law.be\/fr\/contact-us\/\" title=\"\" class=\"btn btn-primary\">Contactez-nous<\/a>\n            <\/div>\n          <\/div>\n        <\/div>\n        <\/div>\n\t\t\t        <div class=\"col-md-6\">\n        <div class=\"card\">\n          <div class=\"card-header\">\n            <h5 class=\"mb-0\">\n              <button class=\"btn btn-link\" type=\"button\" data-toggle=\"collapse\" data-target=\"#acc-tab-accordion-69eb2f0348920-8\" aria-expanded=\"true\" aria-controls=\"collapseOne\">\n\t              Planification successorale              <\/button>\n          <\/div>\n          <div id=\"acc-tab-accordion-69eb2f0348920-8\" class=\"collapse\" aria-labelledby=\"accordion-69eb2f0348920\" data-parent=\"#accordion-69eb2f0348920\">\n            <div class=\"card-body\">\n              <p>Chez Jorissen Law nous connaissons l\u2019importance d\u2019une gestion optimale du patrimoine personnel. Nous faisons notre devoir de fournir \u00e0 nos clients particuliers le meilleur avis concernant leur planification successorale. Nous sommes de m\u00eame en mesure de rencontrer les besoins successoraux de nos clients impliquant des litiges patrimoniaux complexes et transnationaux.<\/p>\n\n              <a href=\"https:\/\/jorissen-law.be\/fr\/contact-us\/\" title=\"\" class=\"btn btn-primary\">Contactez-nous<\/a>\n            <\/div>\n          <\/div>\n        <\/div>\n        <\/div>\n\t\t\t  <\/div>\n<\/div>\n    <\/div>\n  <\/div>\n<\/div>\n<\/div>\n\n<\/div>\n<\/section>\n<\/p>\n","protected":false},"excerpt":{"rendered":"<p>Jorissen Law assiste les entrepreneurs et les soci\u00e9t\u00e9s\u00a0dans tous les aspects de leur activit\u00e9, de la cr\u00e9ation \u00e0 la fermeture de l\u2019entreprise.Nous assistons \u00e9galement les particuliers dans des mati\u00e8res sp\u00e9cifiques telles la planification successorale, le droit de la responsabilit\u00e9 civile et le droit de la circulation.Notre sp\u00e9cialisation est la pierre angulaire de la performance des [&hellip;]<\/p>\n","protected":false},"author":1,"featured_media":12,"parent":0,"menu_order":0,"comment_status":"closed","ping_status":"closed","template":"","meta":[],"_links":{"self":[{"href":"https:\/\/jorissen-law.be\/fr\/wp-json\/wp\/v2\/pages\/10"}],"collection":[{"href":"https:\/\/jorissen-law.be\/fr\/wp-json\/wp\/v2\/pages"}],"about":[{"href":"https:\/\/jorissen-law.be\/fr\/wp-json\/wp\/v2\/types\/page"}],"author":[{"embeddable":true,"href":"https:\/\/jorissen-law.be\/fr\/wp-json\/wp\/v2\/users\/1"}],"replies":[{"embeddable":true,"href":"https:\/\/jorissen-law.be\/fr\/wp-json\/wp\/v2\/comments?post=10"}],"version-history":[{"count":23,"href":"https:\/\/jorissen-law.be\/fr\/wp-json\/wp\/v2\/pages\/10\/revisions"}],"predecessor-version":[{"id":220,"href":"https:\/\/jorissen-law.be\/fr\/wp-json\/wp\/v2\/pages\/10\/revisions\/220"}],"wp:featuredmedia":[{"embeddable":true,"href":"https:\/\/jorissen-law.be\/fr\/wp-json\/wp\/v2\/media\/12"}],"wp:attachment":[{"href":"https:\/\/jorissen-law.be\/fr\/wp-json\/wp\/v2\/media?parent=10"}],"curies":[{"name":"wp","href":"https:\/\/api.w.org\/{rel}","templated":true}]}}