{"id":10,"date":"2018-09-07T15:31:17","date_gmt":"2018-09-07T15:31:17","guid":{"rendered":"http:\/\/jorissen-law.be\/nl\/?page_id=10"},"modified":"2020-11-13T16:41:13","modified_gmt":"2020-11-13T14:41:13","slug":"services","status":"publish","type":"page","link":"http:\/\/jorissen-law.be\/nl\/services\/","title":{"rendered":"Praktijkgebieden"},"content":{"rendered":"<p><section class=\"fw-main-row \"  >\n  <div class=\"fw-container \"><div class=\"fw-row\">\n\t\n<div class=\"fw-col-xs-12 \">\n  <div class=\"fw-main-row\">\n    <div class=\"fw-col-inner\">\n\t\t\t<div class=\"text-block \">\n\t<p>Jorissen Law adviseert <strong>ondernemers en vennootschappen<\/strong> in alle aspecten van hun activiteit, van de oprichting t.e.m. de sluiting van de onderneming.<\/p><p>Wij helpen evenals\u00a0<strong>particulieren<\/strong> in bepaalde praktijkgebieden zoals successieplanning, aansprakelijkheidsrecht en verkeersrecht.<\/p><p>Onze specialisatie is de kern van de doeltreffendheid van onze juridische diensten geleverd. Ontdek onze <strong>praktijkgebieden<\/strong> onder deze pagina.<\/p><\/div>    <\/div>\n  <\/div>\n<\/div>\n<\/div>\n\n<\/div>\n<\/section>\n<section class=\"fw-main-row \"  >\n  <div class=\"fw-container \"><div class=\"fw-row\">\n\t\n<div class=\"fw-col-xs-12 \">\n  <div class=\"fw-main-row\">\n    <div class=\"fw-col-inner\">\n\t\t\t\n<div id=\"accordion\" class=\"accordion wow fadeOut\" data-wow-delay=\"400ms\">\n  <div class=\"row \" id=\"accordion-69f452861b985\">\n\t\t        <div class=\"col-md-6\">\n        <div class=\"card\">\n          <div class=\"card-header\">\n            <h5 class=\"mb-0\">\n              <button class=\"btn btn-link\" type=\"button\" data-toggle=\"collapse\" data-target=\"#acc-tab-accordion-69f452861b985-1\" aria-expanded=\"true\" aria-controls=\"collapseOne\">\n\t              Handels- en contractenrecht               <\/button>\n          <\/div>\n          <div id=\"acc-tab-accordion-69f452861b985-1\" class=\"collapse\" aria-labelledby=\"accordion-69f452861b985\" data-parent=\"#accordion-69f452861b985\">\n            <div class=\"card-body\">\n              <p>We zijn ervan overtuigd dat het succes van onze cli\u00ebnten ligt bij de preventie van conflicten in hun contractuele en handelsverhoudingen. Om die reden adviseren wij onze cli\u00ebnten zodat zij niet betrokken raken in onnodige geschillen als dit mogelijk is.\r\n<br \/><br \/>\r\nAls een rechtspleging onvermijdelijk blijkt, zorgen we voor een snelle en gunstige beslechting voor onze cli\u00ebnten, die wij altijd op de hoogte houden van de evolutie van hun dossier. Dankzij onze ervaring en kennis zijn we in staat om advies te verlenen aan onze cli\u00ebnten in de complexe aangelegenheden die samengaan met gesofisticeerde transacties op grote schaal.<\/p>\n\n              <a href=\"http:\/\/jorissen-law.be\/nl\/contact-us\/\" title=\"\" class=\"btn btn-primary\">Contacteer Ons<\/a>\n            <\/div>\n          <\/div>\n        <\/div>\n        <\/div>\n\t\t\t        <div class=\"col-md-6\">\n        <div class=\"card\">\n          <div class=\"card-header\">\n            <h5 class=\"mb-0\">\n              <button class=\"btn btn-link\" type=\"button\" data-toggle=\"collapse\" data-target=\"#acc-tab-accordion-69f452861b985-2\" aria-expanded=\"true\" aria-controls=\"collapseOne\">\n\t              Vennootschapsrecht              <\/button>\n          <\/div>\n          <div id=\"acc-tab-accordion-69f452861b985-2\" class=\"collapse\" aria-labelledby=\"accordion-69f452861b985\" data-parent=\"#accordion-69f452861b985\">\n            <div class=\"card-body\">\n              <p>We zijn bewust van het ingewikkelde leven in de coulissen van succesvolle vennootschappen. Daarom helpen wij hun bestuurders en vennoten naar de meest praktische en effici\u00ebnte oplossingen van de juridische aspecten op vlak van het oprichten van vennootschappen, hun herstructurering, de groei- en migratiemogelijkheden, alsook de oplossing van interne geschillen.\r\n<br\/><br\/>\r\nDe ervaring en kwalificatie van onze advocaten verschaffen de nodige middelen om een vlot en succesvol verloop van de zaken van onze vennootschap-cli\u00ebnten te garanderen.<\/p>\n\n              <a href=\"http:\/\/jorissen-law.be\/nl\/contact-us\/\" title=\"\" class=\"btn btn-primary\">Contacteer Ons<\/a>\n            <\/div>\n          <\/div>\n        <\/div>\n        <\/div>\n\t\t\t        <div class=\"col-md-6\">\n        <div class=\"card\">\n          <div class=\"card-header\">\n            <h5 class=\"mb-0\">\n              <button class=\"btn btn-link\" type=\"button\" data-toggle=\"collapse\" data-target=\"#acc-tab-accordion-69f452861b985-3\" aria-expanded=\"true\" aria-controls=\"collapseOne\">\n\t              Internationale bedrijfsmigratie              <\/button>\n          <\/div>\n          <div id=\"acc-tab-accordion-69f452861b985-3\" class=\"collapse\" aria-labelledby=\"accordion-69f452861b985\" data-parent=\"#accordion-69f452861b985\">\n            <div class=\"card-body\">\n              <p>Voor ons is het evident dat een steeds meer open wereld interessante delokalisatie gelegenheden meebrengt voor onze cli\u00ebnten, namelijk wat betreft arbeidskosten alsook belastingen en fiscale voordelen. Wij adviseren uiteraard onze cli\u00ebnten om hen de beste wegen voor te stellen om hun competiviteit te verhogen dankzij de internationale migratie van hun onderneming in functie van hun bijzondere behoeften.<\/p>\n\n              <a href=\"http:\/\/jorissen-law.be\/nl\/contact-us\/\" title=\"\" class=\"btn btn-primary\">Contacteer Ons<\/a>\n            <\/div>\n          <\/div>\n        <\/div>\n        <\/div>\n\t\t\t        <div class=\"col-md-6\">\n        <div class=\"card\">\n          <div class=\"card-header\">\n            <h5 class=\"mb-0\">\n              <button class=\"btn btn-link\" type=\"button\" data-toggle=\"collapse\" data-target=\"#acc-tab-accordion-69f452861b985-4\" aria-expanded=\"true\" aria-controls=\"collapseOne\">\n\t              Bouw- en vastgoedrecht              <\/button>\n          <\/div>\n          <div id=\"acc-tab-accordion-69f452861b985-4\" class=\"collapse\" aria-labelledby=\"accordion-69f452861b985\" data-parent=\"#accordion-69f452861b985\">\n            <div class=\"card-body\">\n              <p>We verstaan het belang en de behoeftes van onze cli\u00ebnten in de bouw- en vastgoedsector. Voor hen voorbereiden en onderhandelen wij handelsgeschikte overeenkomsten.\r\n<br \/><br \/>\r\nIn rechtsplegingen vertegenwoordigen wij onze cli\u00ebnten v\u00f3\u00f3r de hoven en rechtbanken op alle niveaus, maar ook in alle soorten arbitrage. Wij adviseren evenals onze cli\u00ebnten in andere vormen van alternatieve geschillenbeslechting en bij de behandeling van claims ontstaan tijdens de uitvoering van een bepaald bouwproject. \r\n<br \/><br \/>\r\nOnze ruime ervaring in bouw- en vastgoedzaken laat ons toe om een onberispelijk dienstverlening te verschaffen.<\/p>\n\n              <a href=\"http:\/\/jorissen-law.be\/nl\/contact-us\/\" title=\"\" class=\"btn btn-primary\">Contacteer Ons<\/a>\n            <\/div>\n          <\/div>\n        <\/div>\n        <\/div>\n\t\t\t        <div class=\"col-md-6\">\n        <div class=\"card\">\n          <div class=\"card-header\">\n            <h5 class=\"mb-0\">\n              <button class=\"btn btn-link\" type=\"button\" data-toggle=\"collapse\" data-target=\"#acc-tab-accordion-69f452861b985-5\" aria-expanded=\"true\" aria-controls=\"collapseOne\">\n\t              Transportrecht              <\/button>\n          <\/div>\n          <div id=\"acc-tab-accordion-69f452861b985-5\" class=\"collapse\" aria-labelledby=\"accordion-69f452861b985\" data-parent=\"#accordion-69f452861b985\">\n            <div class=\"card-body\">\n              <p>We hechten bijzonder aandacht aan de transportsector en transport in alle vormen. <br\/><br\/>\r\n- passagiers- of goederenvervoer; <br\/><br\/>\r\n- weg-, water- of luchtvervoer; <br\/><br\/>\r\n- transportinfrastructuur en transportactiva. <br\/><br\/>\r\nWij adviseren onze cli\u00ebnten over de aankoop, voeren, verkoop en fiscaliteit van de transportactiviteit en infrastructuur.<\/p>\n\n              <a href=\"http:\/\/jorissen-law.be\/nl\/contact-us\/\" title=\"\" class=\"btn btn-primary\">Contacteer Ons<\/a>\n            <\/div>\n          <\/div>\n        <\/div>\n        <\/div>\n\t\t\t        <div class=\"col-md-6\">\n        <div class=\"card\">\n          <div class=\"card-header\">\n            <h5 class=\"mb-0\">\n              <button class=\"btn btn-link\" type=\"button\" data-toggle=\"collapse\" data-target=\"#acc-tab-accordion-69f452861b985-6\" aria-expanded=\"true\" aria-controls=\"collapseOne\">\n\t              Aansprakelijkheids-, verzekerings- en verkeersrecht              <\/button>\n          <\/div>\n          <div id=\"acc-tab-accordion-69f452861b985-6\" class=\"collapse\" aria-labelledby=\"accordion-69f452861b985\" data-parent=\"#accordion-69f452861b985\">\n            <div class=\"card-body\">\n              <p>Zowel in het verzekeringsrecht als in het aansprakelijkheidsrecht, staan wij bij verzekeringsmaatschappijen \u2013 daarin begrepen in het kader van de leiding van een geschil van een verzekerde, vennootschappen en beroepsoefenaars, maar ook particulieren.\r\n<br\/><br\/>\r\nOp vlak van burgerlijke aansprakelijkheid, behandelen wij dossiers van beroepsaansprakelijkheid, van productaansprakelijkheid en objectieve aansprakelijkheid, alsook van aansprakelijkheid voor eigen daad \u2013 daarin begrepen aansprakelijkheid uit verkeersinbreuken. Dit zowel voor cli\u00ebnten van wie de aansprakelijkheid in het gedrang is als voor cli\u00ebnten die een schadevergoeding zoeken.\r\n<br\/><br\/>\r\nWe staan hoe dan ook naast onze cli\u00ebnten om hun belangen optimaal te verdedigen, daarin begrepen mits redelijke schikkingsoplossingen als dit passend en mogelijk blijkt.<\/p>\n\n              <a href=\"http:\/\/jorissen-law.be\/nl\/contact-us\/\" title=\"\" class=\"btn btn-primary\">Contacteer Ons<\/a>\n            <\/div>\n          <\/div>\n        <\/div>\n        <\/div>\n\t\t\t        <div class=\"col-md-6\">\n        <div class=\"card\">\n          <div class=\"card-header\">\n            <h5 class=\"mb-0\">\n              <button class=\"btn btn-link\" type=\"button\" data-toggle=\"collapse\" data-target=\"#acc-tab-accordion-69f452861b985-7\" aria-expanded=\"true\" aria-controls=\"collapseOne\">\n\t              Arbeids- en sociale zekerheidsrecht              <\/button>\n          <\/div>\n          <div id=\"acc-tab-accordion-69f452861b985-7\" class=\"collapse\" aria-labelledby=\"accordion-69f452861b985\" data-parent=\"#accordion-69f452861b985\">\n            <div class=\"card-body\">\n              <p>Tewerkstellen is gebonden aan een complexe en altijd veranderende wetgeving. Bij Jorissen Law adviseren wij natuurlijk onze cli\u00ebnten in alle arbeidsrechtelijke aangelegenheden, daarin begrepen dadingen en niet contentieuze kwesties. Dit houdt in advies op het gebied van bestuurdersbeloningen, arbeid, sociale voordelen, arbeidsrelaties, procedures voor de arbeidsrechtbanken, bedrijfsreorganisatie, pensioenen en immigratie.<\/p>\n\n              <a href=\"http:\/\/jorissen-law.be\/nl\/contact-us\/\" title=\"\" class=\"btn btn-primary\">Contacteer Ons<\/a>\n            <\/div>\n          <\/div>\n        <\/div>\n        <\/div>\n\t\t\t        <div class=\"col-md-6\">\n        <div class=\"card\">\n          <div class=\"card-header\">\n            <h5 class=\"mb-0\">\n              <button class=\"btn btn-link\" type=\"button\" data-toggle=\"collapse\" data-target=\"#acc-tab-accordion-69f452861b985-8\" aria-expanded=\"true\" aria-controls=\"collapseOne\">\n\t              Belastingen en successieplanning              <\/button>\n          <\/div>\n          <div id=\"acc-tab-accordion-69f452861b985-8\" class=\"collapse\" aria-labelledby=\"accordion-69f452861b985\" data-parent=\"#accordion-69f452861b985\">\n            <div class=\"card-body\">\n              <p>Bij Jorissen Law kennen wij goed het belang van een optimaal beheer van het persoonlijk vermogen. Het is onze taak om onze particuliere cli\u00ebnten het best advies te verlenen over hun successieplanning. Wij zijn evenals in staat om de successorale behoeften van onze cli\u00ebnten tegemoet te komen in complexe en transnationale vermogensgeschillen.<\/p>\n\n              <a href=\"http:\/\/jorissen-law.be\/nl\/contact-us\/\" title=\"\" class=\"btn btn-primary\">Contacteer Ons<\/a>\n            <\/div>\n          <\/div>\n        <\/div>\n        <\/div>\n\t\t\t  <\/div>\n<\/div>\n    <\/div>\n  <\/div>\n<\/div>\n<\/div>\n\n<\/div>\n<\/section>\n<\/p>\n","protected":false},"excerpt":{"rendered":"<p>Jorissen Law adviseert ondernemers en vennootschappen in alle aspecten van hun activiteit, van de oprichting t.e.m. de sluiting van de onderneming.Wij helpen evenals\u00a0particulieren in bepaalde praktijkgebieden zoals successieplanning, aansprakelijkheidsrecht en verkeersrecht.Onze specialisatie is de kern van de doeltreffendheid van onze juridische diensten geleverd. Ontdek onze praktijkgebieden onder deze pagina. Handels- en contractenrecht We zijn ervan [&hellip;]<\/p>\n","protected":false},"author":1,"featured_media":12,"parent":0,"menu_order":0,"comment_status":"closed","ping_status":"closed","template":"","meta":[],"_links":{"self":[{"href":"http:\/\/jorissen-law.be\/nl\/wp-json\/wp\/v2\/pages\/10"}],"collection":[{"href":"http:\/\/jorissen-law.be\/nl\/wp-json\/wp\/v2\/pages"}],"about":[{"href":"http:\/\/jorissen-law.be\/nl\/wp-json\/wp\/v2\/types\/page"}],"author":[{"embeddable":true,"href":"http:\/\/jorissen-law.be\/nl\/wp-json\/wp\/v2\/users\/1"}],"replies":[{"embeddable":true,"href":"http:\/\/jorissen-law.be\/nl\/wp-json\/wp\/v2\/comments?post=10"}],"version-history":[{"count":22,"href":"http:\/\/jorissen-law.be\/nl\/wp-json\/wp\/v2\/pages\/10\/revisions"}],"predecessor-version":[{"id":206,"href":"http:\/\/jorissen-law.be\/nl\/wp-json\/wp\/v2\/pages\/10\/revisions\/206"}],"wp:featuredmedia":[{"embeddable":true,"href":"http:\/\/jorissen-law.be\/nl\/wp-json\/wp\/v2\/media\/12"}],"wp:attachment":[{"href":"http:\/\/jorissen-law.be\/nl\/wp-json\/wp\/v2\/media?parent=10"}],"curies":[{"name":"wp","href":"https:\/\/api.w.org\/{rel}","templated":true}]}}